{"id":9,"date":"2025-06-27T07:04:38","date_gmt":"2025-06-27T07:04:38","guid":{"rendered":"https:\/\/decoracionesvelasco.rkinformatika.online\/?page_id=9"},"modified":"2025-07-01T14:02:06","modified_gmt":"2025-07-01T14:02:06","slug":"servicios","status":"publish","type":"page","link":"https:\/\/decoracionesvelasco.com\/eu\/servicios\/","title":{"rendered":"Zerbitzuak"},"content":{"rendered":"<div data-elementor-type=\"wp-page\" data-elementor-id=\"9\" class=\"elementor elementor-9\" data-elementor-post-type=\"page\">\n\t\t\t\t<div class=\"elementor-element elementor-element-18bf00d e-flex e-con-boxed e-con e-parent\" data-id=\"18bf00d\" data-element_type=\"container\" data-e-type=\"container\" data-settings=\"{&quot;background_background&quot;:&quot;classic&quot;}\">\n\t\t\t\t\t<div class=\"e-con-inner\">\n\t\t\t\t\t<\/div>\n\t\t\t\t<\/div>\n\t\t<div class=\"elementor-element elementor-element-cc9da63 e-flex e-con-boxed e-con e-parent\" data-id=\"cc9da63\" data-element_type=\"container\" data-e-type=\"container\">\n\t\t\t\t\t<div class=\"e-con-inner\">\n\t\t<div class=\"elementor-element elementor-element-bc105f2 e-con-full e-flex e-con e-child\" data-id=\"bc105f2\" data-element_type=\"container\" data-e-type=\"container\">\n\t\t\t\t<div class=\"elementor-element elementor-element-11f6d76 elementor-widget elementor-widget-heading\" data-id=\"11f6d76\" data-element_type=\"widget\" data-e-type=\"widget\" data-widget_type=\"heading.default\">\n\t\t\t\t<div class=\"elementor-widget-container\">\n\t\t\t\t\t<h2 class=\"elementor-heading-title elementor-size-default\">Piezas decorativas en escayola<\/h2>\t\t\t\t<\/div>\n\t\t\t\t<\/div>\n\t\t\t\t<div class=\"elementor-element elementor-element-91b9344 elementor-widget elementor-widget-text-editor\" data-id=\"91b9344\" data-element_type=\"widget\" data-e-type=\"widget\" data-widget_type=\"text-editor.default\">\n\t\t\t\t<div class=\"elementor-widget-container\">\n\t\t\t\t\t\t\t\t\t<p>Dentro de nuestro amplio oficio podemos dar vida a diferentes espacios combinando dise\u00f1o, iluminaci\u00f3n y acabados que llenan de luz y vida cada zona de casa y o local.<\/p>\t\t\t\t\t\t\t\t<\/div>\n\t\t\t\t<\/div>\n\t\t\t\t<\/div>\n\t\t<div class=\"elementor-element elementor-element-89e795f e-con-full e-flex e-con e-child\" data-id=\"89e795f\" data-element_type=\"container\" data-e-type=\"container\">\n\t\t\t\t<div class=\"elementor-element elementor-element-44a109b elementor-position-top elementor-widget elementor-widget-image-box\" data-id=\"44a109b\" data-element_type=\"widget\" data-e-type=\"widget\" data-widget_type=\"image-box.default\">\n\t\t\t\t<div class=\"elementor-widget-container\">\n\t\t\t\t\t<div class=\"elementor-image-box-wrapper\"><figure class=\"elementor-image-box-img\"><img fetchpriority=\"high\" decoding=\"async\" width=\"2560\" height=\"1737\" src=\"https:\/\/decoracionesvelasco.com\/wp-content\/uploads\/2025\/07\/interior-design-with-plants-scaled.jpg\" class=\"attachment-full size-full wp-image-535\" alt=\"\" srcset=\"https:\/\/decoracionesvelasco.com\/wp-content\/uploads\/2025\/07\/interior-design-with-plants-scaled.jpg 2560w, https:\/\/decoracionesvelasco.com\/wp-content\/uploads\/2025\/07\/interior-design-with-plants-300x204.jpg 300w, https:\/\/decoracionesvelasco.com\/wp-content\/uploads\/2025\/07\/interior-design-with-plants-1024x695.jpg 1024w, https:\/\/decoracionesvelasco.com\/wp-content\/uploads\/2025\/07\/interior-design-with-plants-768x521.jpg 768w, https:\/\/decoracionesvelasco.com\/wp-content\/uploads\/2025\/07\/interior-design-with-plants-1536x1042.jpg 1536w, https:\/\/decoracionesvelasco.com\/wp-content\/uploads\/2025\/07\/interior-design-with-plants-2048x1390.jpg 2048w, https:\/\/decoracionesvelasco.com\/wp-content\/uploads\/2025\/07\/interior-design-with-plants-18x12.jpg 18w\" sizes=\"(max-width: 2560px) 100vw, 2560px\" \/><\/figure><div class=\"elementor-image-box-content\"><h3 class=\"elementor-image-box-title\">Dekorazioa<\/h3><\/div><\/div>\t\t\t\t<\/div>\n\t\t\t\t<\/div>\n\t\t\t\t<\/div>\n\t\t\t\t\t<\/div>\n\t\t\t\t<\/div>\n\t\t<div class=\"elementor-element elementor-element-3370e01 e-flex e-con-boxed e-con e-parent\" data-id=\"3370e01\" data-element_type=\"container\" data-e-type=\"container\" data-settings=\"{&quot;background_background&quot;:&quot;classic&quot;}\">\n\t\t\t\t\t<div class=\"e-con-inner\">\n\t\t<div class=\"elementor-element elementor-element-c347954 e-con-full animated-slow e-flex elementor-invisible e-con e-child\" data-id=\"c347954\" data-element_type=\"container\" data-e-type=\"container\" data-settings=\"{&quot;animation&quot;:&quot;fadeInRight&quot;,&quot;animation_delay&quot;:200}\">\n\t\t\t\t<div class=\"elementor-element elementor-element-397b40f elementor-widget elementor-widget-heading\" data-id=\"397b40f\" data-element_type=\"widget\" data-e-type=\"widget\" data-widget_type=\"heading.default\">\n\t\t\t\t<div class=\"elementor-widget-container\">\n\t\t\t\t\t<h2 class=\"elementor-heading-title elementor-size-default\">Techos de placa de yeso laminado<\/h2>\t\t\t\t<\/div>\n\t\t\t\t<\/div>\n\t\t\t\t<div class=\"elementor-element elementor-element-19ac69c elementor-widget elementor-widget-text-editor\" data-id=\"19ac69c\" data-element_type=\"widget\" data-e-type=\"widget\" data-widget_type=\"text-editor.default\">\n\t\t\t\t<div class=\"elementor-widget-container\">\n\t\t\t\t\t\t\t\t\t<p>Transformaciones personalizadas para realzar tu estilo: cortes modernos o cl\u00e1sicos, cambios de color vibrantes o sutiles, y tratamientos para dar nueva forma a tu cabello con t\u00e9cnica y cuidado profesional.<\/p>\t\t\t\t\t\t\t\t<\/div>\n\t\t\t\t<\/div>\n\t\t\t\t<\/div>\n\t\t<div class=\"elementor-element elementor-element-1c1fd67 e-con-full animated-slow e-flex elementor-invisible e-con e-child\" data-id=\"1c1fd67\" data-element_type=\"container\" data-e-type=\"container\" data-settings=\"{&quot;animation&quot;:&quot;fadeInLeft&quot;,&quot;animation_delay&quot;:200}\">\n\t\t\t\t<div class=\"elementor-element elementor-element-c2fa1f5 elementor-position-top elementor-widget elementor-widget-image-box\" data-id=\"c2fa1f5\" data-element_type=\"widget\" data-e-type=\"widget\" data-widget_type=\"image-box.default\">\n\t\t\t\t<div class=\"elementor-widget-container\">\n\t\t\t\t\t<div class=\"elementor-image-box-wrapper\"><figure class=\"elementor-image-box-img\"><img decoding=\"async\" width=\"2560\" height=\"1707\" src=\"https:\/\/decoracionesvelasco.com\/wp-content\/uploads\/2025\/07\/worker-fixing-suspended-ceiling-scaled.jpg\" class=\"attachment-full size-full wp-image-545\" alt=\"\" srcset=\"https:\/\/decoracionesvelasco.com\/wp-content\/uploads\/2025\/07\/worker-fixing-suspended-ceiling-scaled.jpg 2560w, https:\/\/decoracionesvelasco.com\/wp-content\/uploads\/2025\/07\/worker-fixing-suspended-ceiling-300x200.jpg 300w, https:\/\/decoracionesvelasco.com\/wp-content\/uploads\/2025\/07\/worker-fixing-suspended-ceiling-1024x683.jpg 1024w, https:\/\/decoracionesvelasco.com\/wp-content\/uploads\/2025\/07\/worker-fixing-suspended-ceiling-768x512.jpg 768w, https:\/\/decoracionesvelasco.com\/wp-content\/uploads\/2025\/07\/worker-fixing-suspended-ceiling-1536x1024.jpg 1536w, https:\/\/decoracionesvelasco.com\/wp-content\/uploads\/2025\/07\/worker-fixing-suspended-ceiling-2048x1365.jpg 2048w, https:\/\/decoracionesvelasco.com\/wp-content\/uploads\/2025\/07\/worker-fixing-suspended-ceiling-18x12.jpg 18w\" sizes=\"(max-width: 2560px) 100vw, 2560px\" \/><\/figure><div class=\"elementor-image-box-content\"><h3 class=\"elementor-image-box-title\">Pladurra<\/h3><\/div><\/div>\t\t\t\t<\/div>\n\t\t\t\t<\/div>\n\t\t\t\t<\/div>\n\t\t\t\t\t<\/div>\n\t\t\t\t<\/div>\n\t\t<div class=\"elementor-element elementor-element-35e6a2b e-flex e-con-boxed e-con e-parent\" data-id=\"35e6a2b\" data-element_type=\"container\" data-e-type=\"container\">\n\t\t\t\t\t<div class=\"e-con-inner\">\n\t\t<div class=\"elementor-element elementor-element-836f32a e-con-full e-flex e-con e-child\" data-id=\"836f32a\" data-element_type=\"container\" data-e-type=\"container\">\n\t\t\t\t<div class=\"elementor-element elementor-element-d3af6ec elementor-widget elementor-widget-heading\" data-id=\"d3af6ec\" data-element_type=\"widget\" data-e-type=\"widget\" data-widget_type=\"heading.default\">\n\t\t\t\t<div class=\"elementor-widget-container\">\n\t\t\t\t\t<h2 class=\"elementor-heading-title elementor-size-default\">de viviendas, locales comerciales, e insonorizaci\u00f3n<\/h2>\t\t\t\t<\/div>\n\t\t\t\t<\/div>\n\t\t\t\t<div class=\"elementor-element elementor-element-90e9d78 elementor-widget elementor-widget-text-editor\" data-id=\"90e9d78\" data-element_type=\"widget\" data-e-type=\"widget\" data-widget_type=\"text-editor.default\">\n\t\t\t\t<div class=\"elementor-widget-container\">\n\t\t\t\t\t\t\t\t\t<p>Utilizamos materiales de \u00faltima generaci\u00f3n, como la lana de roca sobre nuestros techos o en el interior de nuestras paredes de los principales fabricantes del mercado, para aportar un plus de aislamiento t\u00e9rmico y ac\u00fastico a nuestros trabajos. De esta forma, conseguimos mejorar la eficiencia energ\u00e9tica de la estancia.<\/p>\t\t\t\t\t\t\t\t<\/div>\n\t\t\t\t<\/div>\n\t\t\t\t<\/div>\n\t\t<div class=\"elementor-element elementor-element-f772176 e-con-full e-flex e-con e-child\" data-id=\"f772176\" data-element_type=\"container\" data-e-type=\"container\">\n\t\t\t\t<div class=\"elementor-element elementor-element-2b94862 elementor-position-top elementor-widget elementor-widget-image-box\" data-id=\"2b94862\" data-element_type=\"widget\" data-e-type=\"widget\" data-widget_type=\"image-box.default\">\n\t\t\t\t<div class=\"elementor-widget-container\">\n\t\t\t\t\t<div class=\"elementor-image-box-wrapper\"><figure class=\"elementor-image-box-img\"><img decoding=\"async\" width=\"2560\" height=\"1707\" src=\"https:\/\/decoracionesvelasco.com\/wp-content\/uploads\/2025\/07\/worker-protective-goggles-respirator-insulating-rock-wool-insulation-wooden-frame-future-house-walls-cold-barrier-comfortable-warm-home-economy-construction-renovation-concept-scaled.jpg\" class=\"attachment-full size-full wp-image-546\" alt=\"\" srcset=\"https:\/\/decoracionesvelasco.com\/wp-content\/uploads\/2025\/07\/worker-protective-goggles-respirator-insulating-rock-wool-insulation-wooden-frame-future-house-walls-cold-barrier-comfortable-warm-home-economy-construction-renovation-concept-scaled.jpg 2560w, https:\/\/decoracionesvelasco.com\/wp-content\/uploads\/2025\/07\/worker-protective-goggles-respirator-insulating-rock-wool-insulation-wooden-frame-future-house-walls-cold-barrier-comfortable-warm-home-economy-construction-renovation-concept-300x200.jpg 300w, https:\/\/decoracionesvelasco.com\/wp-content\/uploads\/2025\/07\/worker-protective-goggles-respirator-insulating-rock-wool-insulation-wooden-frame-future-house-walls-cold-barrier-comfortable-warm-home-economy-construction-renovation-concept-1024x683.jpg 1024w, https:\/\/decoracionesvelasco.com\/wp-content\/uploads\/2025\/07\/worker-protective-goggles-respirator-insulating-rock-wool-insulation-wooden-frame-future-house-walls-cold-barrier-comfortable-warm-home-economy-construction-renovation-concept-768x512.jpg 768w, https:\/\/decoracionesvelasco.com\/wp-content\/uploads\/2025\/07\/worker-protective-goggles-respirator-insulating-rock-wool-insulation-wooden-frame-future-house-walls-cold-barrier-comfortable-warm-home-economy-construction-renovation-concept-1536x1024.jpg 1536w, https:\/\/decoracionesvelasco.com\/wp-content\/uploads\/2025\/07\/worker-protective-goggles-respirator-insulating-rock-wool-insulation-wooden-frame-future-house-walls-cold-barrier-comfortable-warm-home-economy-construction-renovation-concept-2048x1365.jpg 2048w, https:\/\/decoracionesvelasco.com\/wp-content\/uploads\/2025\/07\/worker-protective-goggles-respirator-insulating-rock-wool-insulation-wooden-frame-future-house-walls-cold-barrier-comfortable-warm-home-economy-construction-renovation-concept-18x12.jpg 18w\" sizes=\"(max-width: 2560px) 100vw, 2560px\" \/><\/figure><div class=\"elementor-image-box-content\"><h3 class=\"elementor-image-box-title\">Aislamiento t\u00e9rmico<\/h3><\/div><\/div>\t\t\t\t<\/div>\n\t\t\t\t<\/div>\n\t\t\t\t<\/div>\n\t\t\t\t\t<\/div>\n\t\t\t\t<\/div>\n\t\t<div class=\"elementor-element elementor-element-6321427 e-flex e-con-boxed e-con e-parent\" data-id=\"6321427\" data-element_type=\"container\" data-e-type=\"container\" data-settings=\"{&quot;background_background&quot;:&quot;classic&quot;}\">\n\t\t\t\t\t<div class=\"e-con-inner\">\n\t\t<div class=\"elementor-element elementor-element-fd6b533 e-con-full animated-slow e-flex elementor-invisible e-con e-child\" data-id=\"fd6b533\" data-element_type=\"container\" data-e-type=\"container\" data-settings=\"{&quot;animation&quot;:&quot;fadeInRight&quot;,&quot;animation_delay&quot;:200}\">\n\t\t\t\t<div class=\"elementor-element elementor-element-799b89d elementor-widget elementor-widget-heading\" data-id=\"799b89d\" data-element_type=\"widget\" data-e-type=\"widget\" data-widget_type=\"heading.default\">\n\t\t\t\t<div class=\"elementor-widget-container\">\n\t\t\t\t\t<h2 class=\"elementor-heading-title elementor-size-default\">Redise\u00f1amos tus espacios para hacerlos m\u00e1s funcionales.<\/h2>\t\t\t\t<\/div>\n\t\t\t\t<\/div>\n\t\t\t\t<div class=\"elementor-element elementor-element-1be0081 elementor-widget elementor-widget-text-editor\" data-id=\"1be0081\" data-element_type=\"widget\" data-e-type=\"widget\" data-widget_type=\"text-editor.default\">\n\t\t\t\t<div class=\"elementor-widget-container\">\n\t\t\t\t\t\t\t\t\t<p>Redise\u00f1amos tus espacios para hacerlos m\u00e1s funcionales.<br \/>Propuestas de decoraci\u00f3n que se adaptan a tu estilo y presupuesto.<br \/>Soluciones que transforman sin necesidad de grandes reformas<\/p>\t\t\t\t\t\t\t\t<\/div>\n\t\t\t\t<\/div>\n\t\t\t\t<\/div>\n\t\t<div class=\"elementor-element elementor-element-b571a48 e-con-full animated-slow e-flex elementor-invisible e-con e-child\" data-id=\"b571a48\" data-element_type=\"container\" data-e-type=\"container\" data-settings=\"{&quot;animation&quot;:&quot;fadeInLeft&quot;,&quot;animation_delay&quot;:200}\">\n\t\t\t\t<div class=\"elementor-element elementor-element-e5d7c64 elementor-position-top elementor-widget elementor-widget-image-box\" data-id=\"e5d7c64\" data-element_type=\"widget\" data-e-type=\"widget\" data-widget_type=\"image-box.default\">\n\t\t\t\t<div class=\"elementor-widget-container\">\n\t\t\t\t\t<div class=\"elementor-image-box-wrapper\"><figure class=\"elementor-image-box-img\"><img loading=\"lazy\" decoding=\"async\" width=\"2560\" height=\"1669\" src=\"https:\/\/decoracionesvelasco.com\/wp-content\/uploads\/2025\/07\/comparison-kitchen-room-before-after-renovation-scaled.jpg\" class=\"attachment-full size-full wp-image-531\" alt=\"\" srcset=\"https:\/\/decoracionesvelasco.com\/wp-content\/uploads\/2025\/07\/comparison-kitchen-room-before-after-renovation-scaled.jpg 2560w, https:\/\/decoracionesvelasco.com\/wp-content\/uploads\/2025\/07\/comparison-kitchen-room-before-after-renovation-300x196.jpg 300w, https:\/\/decoracionesvelasco.com\/wp-content\/uploads\/2025\/07\/comparison-kitchen-room-before-after-renovation-1024x668.jpg 1024w, https:\/\/decoracionesvelasco.com\/wp-content\/uploads\/2025\/07\/comparison-kitchen-room-before-after-renovation-768x501.jpg 768w, https:\/\/decoracionesvelasco.com\/wp-content\/uploads\/2025\/07\/comparison-kitchen-room-before-after-renovation-1536x1001.jpg 1536w, https:\/\/decoracionesvelasco.com\/wp-content\/uploads\/2025\/07\/comparison-kitchen-room-before-after-renovation-2048x1335.jpg 2048w, https:\/\/decoracionesvelasco.com\/wp-content\/uploads\/2025\/07\/comparison-kitchen-room-before-after-renovation-18x12.jpg 18w\" sizes=\"(max-width: 2560px) 100vw, 2560px\" \/><\/figure><div class=\"elementor-image-box-content\"><h3 class=\"elementor-image-box-title\">Barrualdeak eraberritzea<\/h3><\/div><\/div>\t\t\t\t<\/div>\n\t\t\t\t<\/div>\n\t\t\t\t<\/div>\n\t\t\t\t\t<\/div>\n\t\t\t\t<\/div>\n\t\t\t\t<\/div>","protected":false},"excerpt":{"rendered":"<p>Piezas decorativas en escayola Dentro de nuestro amplio oficio podemos dar vida a diferentes espacios combinando dise\u00f1o, iluminaci\u00f3n y acabados que llenan de luz y vida cada zona de casa y o local. Decoraci\u00f3n Techos de placa de yeso laminado Transformaciones personalizadas para realzar tu estilo: cortes modernos o cl\u00e1sicos, cambios de color vibrantes o [&hellip;]<\/p>\n","protected":false},"author":1,"featured_media":0,"parent":0,"menu_order":0,"comment_status":"closed","ping_status":"closed","template":"elementor_canvas","meta":{"footnotes":""},"class_list":["post-9","page","type-page","status-publish","hentry"],"yoast_head":"<!-- This site is optimized with the Yoast SEO plugin v27.4 - https:\/\/yoast.com\/product\/yoast-seo-wordpress\/ -->\n<title>Servicios - DECORACIONES VELASCO<\/title>\n<meta name=\"robots\" content=\"index, follow, max-snippet:-1, max-image-preview:large, max-video-preview:-1\" \/>\n<link rel=\"canonical\" href=\"https:\/\/decoracionesvelasco.com\/eu\/servicios\/\" \/>\n<meta property=\"og:locale\" content=\"en_US\" \/>\n<meta property=\"og:type\" content=\"article\" \/>\n<meta property=\"og:title\" content=\"Servicios - DECORACIONES VELASCO\" \/>\n<meta property=\"og:description\" content=\"Piezas decorativas en escayola Dentro de nuestro amplio oficio podemos dar vida a diferentes espacios combinando dise\u00f1o, iluminaci\u00f3n y acabados que llenan de luz y vida cada zona de casa y o local. Decoraci\u00f3n Techos de placa de yeso laminado Transformaciones personalizadas para realzar tu estilo: cortes modernos o cl\u00e1sicos, cambios de color vibrantes o [&hellip;]\" \/>\n<meta property=\"og:url\" content=\"https:\/\/decoracionesvelasco.com\/eu\/servicios\/\" \/>\n<meta property=\"og:site_name\" content=\"DECORACIONES VELASCO\" \/>\n<meta property=\"article:modified_time\" content=\"2025-07-01T14:02:06+00:00\" \/>\n<meta property=\"og:image\" content=\"https:\/\/decoracionesvelasco.com\/wp-content\/uploads\/2025\/07\/interior-design-with-plants-scaled.jpg\" \/>\n<meta name=\"twitter:card\" content=\"summary_large_image\" \/>\n<meta name=\"twitter:label1\" content=\"Est. reading time\" \/>\n\t<meta name=\"twitter:data1\" content=\"2 minutua\" \/>\n<script type=\"application\/ld+json\" class=\"yoast-schema-graph\">{\"@context\":\"https:\\\/\\\/schema.org\",\"@graph\":[{\"@type\":\"WebPage\",\"@id\":\"https:\\\/\\\/decoracionesvelasco.com\\\/servicios\\\/\",\"url\":\"https:\\\/\\\/decoracionesvelasco.com\\\/servicios\\\/\",\"name\":\"Servicios - DECORACIONES VELASCO\",\"isPartOf\":{\"@id\":\"https:\\\/\\\/decoracionesvelasco.com\\\/#website\"},\"primaryImageOfPage\":{\"@id\":\"https:\\\/\\\/decoracionesvelasco.com\\\/servicios\\\/#primaryimage\"},\"image\":{\"@id\":\"https:\\\/\\\/decoracionesvelasco.com\\\/servicios\\\/#primaryimage\"},\"thumbnailUrl\":\"https:\\\/\\\/decoracionesvelasco.com\\\/wp-content\\\/uploads\\\/2025\\\/07\\\/interior-design-with-plants-scaled.jpg\",\"datePublished\":\"2025-06-27T07:04:38+00:00\",\"dateModified\":\"2025-07-01T14:02:06+00:00\",\"breadcrumb\":{\"@id\":\"https:\\\/\\\/decoracionesvelasco.com\\\/servicios\\\/#breadcrumb\"},\"inLanguage\":\"eu\",\"potentialAction\":[{\"@type\":\"ReadAction\",\"target\":[\"https:\\\/\\\/decoracionesvelasco.com\\\/servicios\\\/\"]}]},{\"@type\":\"ImageObject\",\"inLanguage\":\"eu\",\"@id\":\"https:\\\/\\\/decoracionesvelasco.com\\\/servicios\\\/#primaryimage\",\"url\":\"https:\\\/\\\/decoracionesvelasco.com\\\/wp-content\\\/uploads\\\/2025\\\/07\\\/interior-design-with-plants-scaled.jpg\",\"contentUrl\":\"https:\\\/\\\/decoracionesvelasco.com\\\/wp-content\\\/uploads\\\/2025\\\/07\\\/interior-design-with-plants-scaled.jpg\"},{\"@type\":\"BreadcrumbList\",\"@id\":\"https:\\\/\\\/decoracionesvelasco.com\\\/servicios\\\/#breadcrumb\",\"itemListElement\":[{\"@type\":\"ListItem\",\"position\":1,\"name\":\"Portada\",\"item\":\"https:\\\/\\\/decoracionesvelasco.com\\\/\"},{\"@type\":\"ListItem\",\"position\":2,\"name\":\"Servicios\"}]},{\"@type\":\"WebSite\",\"@id\":\"https:\\\/\\\/decoracionesvelasco.com\\\/#website\",\"url\":\"https:\\\/\\\/decoracionesvelasco.com\\\/\",\"name\":\"DECORACIONES VELASCO\",\"description\":\"\",\"publisher\":{\"@id\":\"https:\\\/\\\/decoracionesvelasco.com\\\/#organization\"},\"potentialAction\":[{\"@type\":\"SearchAction\",\"target\":{\"@type\":\"EntryPoint\",\"urlTemplate\":\"https:\\\/\\\/decoracionesvelasco.com\\\/?s={search_term_string}\"},\"query-input\":{\"@type\":\"PropertyValueSpecification\",\"valueRequired\":true,\"valueName\":\"search_term_string\"}}],\"inLanguage\":\"eu\"},{\"@type\":\"Organization\",\"@id\":\"https:\\\/\\\/decoracionesvelasco.com\\\/#organization\",\"name\":\"DECORACIONES VELASCO\",\"url\":\"https:\\\/\\\/decoracionesvelasco.com\\\/\",\"logo\":{\"@type\":\"ImageObject\",\"inLanguage\":\"eu\",\"@id\":\"https:\\\/\\\/decoracionesvelasco.com\\\/#\\\/schema\\\/logo\\\/image\\\/\",\"url\":\"https:\\\/\\\/decoracionesvelasco.com\\\/wp-content\\\/uploads\\\/2025\\\/07\\\/cropped-Diseno-sin-titulo.png\",\"contentUrl\":\"https:\\\/\\\/decoracionesvelasco.com\\\/wp-content\\\/uploads\\\/2025\\\/07\\\/cropped-Diseno-sin-titulo.png\",\"width\":500,\"height\":219,\"caption\":\"DECORACIONES VELASCO\"},\"image\":{\"@id\":\"https:\\\/\\\/decoracionesvelasco.com\\\/#\\\/schema\\\/logo\\\/image\\\/\"}}]}<\/script>\n<!-- \/ Yoast SEO plugin. -->","yoast_head_json":{"title":"Servicios - DECORACIONES VELASCO","robots":{"index":"index","follow":"follow","max-snippet":"max-snippet:-1","max-image-preview":"max-image-preview:large","max-video-preview":"max-video-preview:-1"},"canonical":"https:\/\/decoracionesvelasco.com\/eu\/servicios\/","og_locale":"en_US","og_type":"article","og_title":"Servicios - DECORACIONES VELASCO","og_description":"Piezas decorativas en escayola Dentro de nuestro amplio oficio podemos dar vida a diferentes espacios combinando dise\u00f1o, iluminaci\u00f3n y acabados que llenan de luz y vida cada zona de casa y o local. Decoraci\u00f3n Techos de placa de yeso laminado Transformaciones personalizadas para realzar tu estilo: cortes modernos o cl\u00e1sicos, cambios de color vibrantes o [&hellip;]","og_url":"https:\/\/decoracionesvelasco.com\/eu\/servicios\/","og_site_name":"DECORACIONES VELASCO","article_modified_time":"2025-07-01T14:02:06+00:00","og_image":[{"url":"https:\/\/decoracionesvelasco.com\/wp-content\/uploads\/2025\/07\/interior-design-with-plants-scaled.jpg","type":"","width":"","height":""}],"twitter_card":"summary_large_image","twitter_misc":{"Est. reading time":"2 minutua"},"schema":{"@context":"https:\/\/schema.org","@graph":[{"@type":"WebPage","@id":"https:\/\/decoracionesvelasco.com\/servicios\/","url":"https:\/\/decoracionesvelasco.com\/servicios\/","name":"Servicios - DECORACIONES VELASCO","isPartOf":{"@id":"https:\/\/decoracionesvelasco.com\/#website"},"primaryImageOfPage":{"@id":"https:\/\/decoracionesvelasco.com\/servicios\/#primaryimage"},"image":{"@id":"https:\/\/decoracionesvelasco.com\/servicios\/#primaryimage"},"thumbnailUrl":"https:\/\/decoracionesvelasco.com\/wp-content\/uploads\/2025\/07\/interior-design-with-plants-scaled.jpg","datePublished":"2025-06-27T07:04:38+00:00","dateModified":"2025-07-01T14:02:06+00:00","breadcrumb":{"@id":"https:\/\/decoracionesvelasco.com\/servicios\/#breadcrumb"},"inLanguage":"eu","potentialAction":[{"@type":"ReadAction","target":["https:\/\/decoracionesvelasco.com\/servicios\/"]}]},{"@type":"ImageObject","inLanguage":"eu","@id":"https:\/\/decoracionesvelasco.com\/servicios\/#primaryimage","url":"https:\/\/decoracionesvelasco.com\/wp-content\/uploads\/2025\/07\/interior-design-with-plants-scaled.jpg","contentUrl":"https:\/\/decoracionesvelasco.com\/wp-content\/uploads\/2025\/07\/interior-design-with-plants-scaled.jpg"},{"@type":"BreadcrumbList","@id":"https:\/\/decoracionesvelasco.com\/servicios\/#breadcrumb","itemListElement":[{"@type":"ListItem","position":1,"name":"Portada","item":"https:\/\/decoracionesvelasco.com\/"},{"@type":"ListItem","position":2,"name":"Servicios"}]},{"@type":"WebSite","@id":"https:\/\/decoracionesvelasco.com\/#website","url":"https:\/\/decoracionesvelasco.com\/","name":"VELASCO DEKORAZIOAK","description":"","publisher":{"@id":"https:\/\/decoracionesvelasco.com\/#organization"},"potentialAction":[{"@type":"SearchAction","target":{"@type":"EntryPoint","urlTemplate":"https:\/\/decoracionesvelasco.com\/?s={search_term_string}"},"query-input":{"@type":"PropertyValueSpecification","valueRequired":true,"valueName":"search_term_string"}}],"inLanguage":"eu"},{"@type":"Organization","@id":"https:\/\/decoracionesvelasco.com\/#organization","name":"VELASCO DEKORAZIOAK","url":"https:\/\/decoracionesvelasco.com\/","logo":{"@type":"ImageObject","inLanguage":"eu","@id":"https:\/\/decoracionesvelasco.com\/#\/schema\/logo\/image\/","url":"https:\/\/decoracionesvelasco.com\/wp-content\/uploads\/2025\/07\/cropped-Diseno-sin-titulo.png","contentUrl":"https:\/\/decoracionesvelasco.com\/wp-content\/uploads\/2025\/07\/cropped-Diseno-sin-titulo.png","width":500,"height":219,"caption":"DECORACIONES VELASCO"},"image":{"@id":"https:\/\/decoracionesvelasco.com\/#\/schema\/logo\/image\/"}}]}},"_links":{"self":[{"href":"https:\/\/decoracionesvelasco.com\/eu\/wp-json\/wp\/v2\/pages\/9","targetHints":{"allow":["GET"]}}],"collection":[{"href":"https:\/\/decoracionesvelasco.com\/eu\/wp-json\/wp\/v2\/pages"}],"about":[{"href":"https:\/\/decoracionesvelasco.com\/eu\/wp-json\/wp\/v2\/types\/page"}],"author":[{"embeddable":true,"href":"https:\/\/decoracionesvelasco.com\/eu\/wp-json\/wp\/v2\/users\/1"}],"replies":[{"embeddable":true,"href":"https:\/\/decoracionesvelasco.com\/eu\/wp-json\/wp\/v2\/comments?post=9"}],"version-history":[{"count":166,"href":"https:\/\/decoracionesvelasco.com\/eu\/wp-json\/wp\/v2\/pages\/9\/revisions"}],"predecessor-version":[{"id":649,"href":"https:\/\/decoracionesvelasco.com\/eu\/wp-json\/wp\/v2\/pages\/9\/revisions\/649"}],"wp:attachment":[{"href":"https:\/\/decoracionesvelasco.com\/eu\/wp-json\/wp\/v2\/media?parent=9"}],"curies":[{"name":"wp","href":"https:\/\/api.w.org\/{rel}","templated":true}]}}