{"id":2,"date":"2025-06-26T16:05:19","date_gmt":"2025-06-26T16:05:19","guid":{"rendered":"https:\/\/decoracionesvelasco.rkinformatika.online\/?page_id=2"},"modified":"2025-07-03T14:02:35","modified_gmt":"2025-07-03T14:02:35","slug":"inicio","status":"publish","type":"page","link":"https:\/\/decoracionesvelasco.com\/eu\/","title":{"rendered":"Hasiera"},"content":{"rendered":"\t\t<div data-elementor-type=\"wp-page\" data-elementor-id=\"2\" class=\"elementor elementor-2\" data-elementor-post-type=\"page\">\n\t\t\t\t<div class=\"elementor-element elementor-element-22175fe e-flex e-con-boxed e-con e-parent\" data-id=\"22175fe\" data-element_type=\"container\" data-e-type=\"container\" data-settings=\"{&quot;background_background&quot;:&quot;slideshow&quot;,&quot;background_slideshow_gallery&quot;:[{&quot;id&quot;:533,&quot;url&quot;:&quot;https:\\\/\\\/decoracionesvelasco.com\\\/wp-content\\\/uploads\\\/2025\\\/07\\\/contractor-using-circular-saw-cutting-crown-moulding-renovation-scaled.jpg&quot;},{&quot;id&quot;:537,&quot;url&quot;:&quot;https:\\\/\\\/decoracionesvelasco.com\\\/wp-content\\\/uploads\\\/2025\\\/07\\\/people-working-together-as-team-scaled.jpg&quot;},{&quot;id&quot;:546,&quot;url&quot;:&quot;https:\\\/\\\/decoracionesvelasco.com\\\/wp-content\\\/uploads\\\/2025\\\/07\\\/worker-protective-goggles-respirator-insulating-rock-wool-insulation-wooden-frame-future-house-walls-cold-barrier-comfortable-warm-home-economy-construction-renovation-concept-scaled.jpg&quot;}],&quot;background_slideshow_lazyload&quot;:&quot;yes&quot;,&quot;background_slideshow_ken_burns&quot;:&quot;yes&quot;,&quot;background_slideshow_ken_burns_zoom_direction&quot;:&quot;out&quot;,&quot;background_slideshow_loop&quot;:&quot;yes&quot;,&quot;background_slideshow_slide_duration&quot;:5000,&quot;background_slideshow_slide_transition&quot;:&quot;fade&quot;,&quot;background_slideshow_transition_duration&quot;:500}\">\n\t\t\t\t\t<div class=\"e-con-inner\">\n\t\t\t\t<div class=\"elementor-element elementor-element-e8eb4c9 elementor-widget elementor-widget-heading\" data-id=\"e8eb4c9\" data-element_type=\"widget\" data-e-type=\"widget\" data-widget_type=\"heading.default\">\n\t\t\t\t<div class=\"elementor-widget-container\">\n\t\t\t\t\t<h2 class=\"elementor-heading-title elementor-size-default\">DECORACIONES VELASCO<\/h2>\t\t\t\t<\/div>\n\t\t\t\t<\/div>\n\t\t\t\t<div class=\"elementor-element elementor-element-2034f04 elementor-widget elementor-widget-heading\" data-id=\"2034f04\" data-element_type=\"widget\" data-e-type=\"widget\" data-widget_type=\"heading.default\">\n\t\t\t\t<div class=\"elementor-widget-container\">\n\t\t\t\t\t<h2 class=\"elementor-heading-title elementor-size-default\">Especialistas en pladur, escayola, aislamientos t\u00e9rmicos<br> y ac\u00fasticos, y reformas interiores para viviendas y locales<\/h2>\t\t\t\t<\/div>\n\t\t\t\t<\/div>\n\t\t\t\t\t<\/div>\n\t\t\t\t<\/div>\n\t\t<div class=\"elementor-element elementor-element-e4b6475 e-flex e-con-boxed e-con e-parent\" data-id=\"e4b6475\" data-element_type=\"container\" data-e-type=\"container\">\n\t\t\t\t\t<div class=\"e-con-inner\">\n\t\t<div class=\"elementor-element elementor-element-10b1f9d e-con-full e-flex e-con e-child\" data-id=\"10b1f9d\" data-element_type=\"container\" data-e-type=\"container\">\n\t\t\t\t<div class=\"elementor-element elementor-element-c4df9af elementor-widget elementor-widget-heading\" data-id=\"c4df9af\" data-element_type=\"widget\" data-e-type=\"widget\" data-widget_type=\"heading.default\">\n\t\t\t\t<div class=\"elementor-widget-container\">\n\t\t\t\t\t<h2 class=\"elementor-heading-title elementor-size-default\">Sobre Nosotros<\/h2>\t\t\t\t<\/div>\n\t\t\t\t<\/div>\n\t\t\t\t<div class=\"elementor-element elementor-element-7984955 elementor-widget elementor-widget-text-editor\" data-id=\"7984955\" data-element_type=\"widget\" data-e-type=\"widget\" data-widget_type=\"text-editor.default\">\n\t\t\t\t<div class=\"elementor-widget-container\">\n\t\t\t\t\t\t\t\t\t<p data-start=\"71\" data-end=\"398\">somos expertos en trabajos de pladur y escayola, especializados en aislamientos t\u00e9rmicos y ac\u00fasticos para viviendas y locales comerciales. Utilizamos materiales de \u00faltima generaci\u00f3n para mejorar el confort y la eficiencia energ\u00e9tica de tus espacios, ofreciendo soluciones tanto para interiores como para exteriores.<\/p><p data-start=\"400\" data-end=\"670\">Adem\u00e1s, realizamos reformas interiores que combinan funcionalidad y dise\u00f1o, adapt\u00e1ndonos a tu estilo y presupuesto. Nuestro objetivo es transformar tus espacios con acabados de calidad y propuestas personalizadas que realzan la belleza y comodidad de tu hogar o negocio.<\/p>\t\t\t\t\t\t\t\t<\/div>\n\t\t\t\t<\/div>\n\t\t\t\t<div class=\"elementor-element elementor-element-89f1753 elementor-headline--style-highlight elementor-widget elementor-widget-animated-headline\" data-id=\"89f1753\" data-element_type=\"widget\" data-e-type=\"widget\" data-settings=\"{&quot;highlighted_text&quot;:&quot;Servicios&quot;,&quot;headline_style&quot;:&quot;highlight&quot;,&quot;marker&quot;:&quot;circle&quot;,&quot;loop&quot;:&quot;yes&quot;,&quot;highlight_animation_duration&quot;:1200,&quot;highlight_iteration_delay&quot;:8000}\" data-widget_type=\"animated-headline.default\">\n\t\t\t\t<div class=\"elementor-widget-container\">\n\t\t\t\t\t\t\t<h3 class=\"elementor-headline\">\n\t\t\t\t\t<span class=\"elementor-headline-plain-text elementor-headline-text-wrapper\">Nuestros<\/span>\n\t\t\t\t<span class=\"elementor-headline-dynamic-wrapper elementor-headline-text-wrapper\">\n\t\t\t\t\t<span class=\"elementor-headline-dynamic-text elementor-headline-text-active\">Servicios<\/span>\n\t\t\t\t<\/span>\n\t\t\t\t<\/h3>\n\t\t\t\t\t\t<\/div>\n\t\t\t\t<\/div>\n\t\t\t\t<\/div>\n\t\t<div class=\"elementor-element elementor-element-18bb17d e-con-full animated-slow e-flex elementor-invisible e-con e-child\" data-id=\"18bb17d\" data-element_type=\"container\" data-e-type=\"container\" data-settings=\"{&quot;background_background&quot;:&quot;classic&quot;,&quot;animation&quot;:&quot;fadeInRight&quot;}\">\n\t\t\t\t<div class=\"elementor-element elementor-element-b62c765 elementor-widget elementor-widget-spacer\" data-id=\"b62c765\" data-element_type=\"widget\" data-e-type=\"widget\" data-widget_type=\"spacer.default\">\n\t\t\t\t<div class=\"elementor-widget-container\">\n\t\t\t\t\t\t\t<div class=\"elementor-spacer\">\n\t\t\t<div class=\"elementor-spacer-inner\"><\/div>\n\t\t<\/div>\n\t\t\t\t\t\t<\/div>\n\t\t\t\t<\/div>\n\t\t\t\t<\/div>\n\t\t<div class=\"elementor-element elementor-element-fde0ada e-con-full e-grid e-con e-child\" data-id=\"fde0ada\" data-element_type=\"container\" data-e-type=\"container\">\n\t\t\t\t<div class=\"elementor-element elementor-element-e84dbb3 elementor-align-justify elementor-invisible elementor-widget elementor-widget-button\" data-id=\"e84dbb3\" data-element_type=\"widget\" data-e-type=\"widget\" data-settings=\"{&quot;_animation&quot;:&quot;fadeInLeft&quot;}\" data-widget_type=\"button.default\">\n\t\t\t\t<div class=\"elementor-widget-container\">\n\t\t\t\t\t\t\t\t\t<div class=\"elementor-button-wrapper\">\n\t\t\t\t\t<a class=\"elementor-button elementor-size-sm\" role=\"button\">\n\t\t\t\t\t\t<span class=\"elementor-button-content-wrapper\">\n\t\t\t\t\t\t\t\t\t<span class=\"elementor-button-text\">Decoraci\u00f3n<\/span>\n\t\t\t\t\t<\/span>\n\t\t\t\t\t<\/a>\n\t\t\t\t<\/div>\n\t\t\t\t\t\t\t\t<\/div>\n\t\t\t\t<\/div>\n\t\t\t\t<div class=\"elementor-element elementor-element-edabcef elementor-align-justify animated-slow elementor-invisible elementor-widget elementor-widget-button\" data-id=\"edabcef\" data-element_type=\"widget\" data-e-type=\"widget\" data-settings=\"{&quot;_animation&quot;:&quot;fadeInRight&quot;}\" data-widget_type=\"button.default\">\n\t\t\t\t<div class=\"elementor-widget-container\">\n\t\t\t\t\t\t\t\t\t<div class=\"elementor-button-wrapper\">\n\t\t\t\t\t<a class=\"elementor-button elementor-size-sm\" role=\"button\">\n\t\t\t\t\t\t<span class=\"elementor-button-content-wrapper\">\n\t\t\t\t\t\t\t\t\t<span class=\"elementor-button-text\">Pladur<\/span>\n\t\t\t\t\t<\/span>\n\t\t\t\t\t<\/a>\n\t\t\t\t<\/div>\n\t\t\t\t\t\t\t\t<\/div>\n\t\t\t\t<\/div>\n\t\t\t\t<div class=\"elementor-element elementor-element-3967a69 elementor-align-justify animated-slow elementor-invisible elementor-widget elementor-widget-button\" data-id=\"3967a69\" data-element_type=\"widget\" data-e-type=\"widget\" data-settings=\"{&quot;_animation&quot;:&quot;fadeInLeft&quot;,&quot;_animation_delay&quot;:200}\" data-widget_type=\"button.default\">\n\t\t\t\t<div class=\"elementor-widget-container\">\n\t\t\t\t\t\t\t\t\t<div class=\"elementor-button-wrapper\">\n\t\t\t\t\t<a class=\"elementor-button elementor-size-sm\" role=\"button\">\n\t\t\t\t\t\t<span class=\"elementor-button-content-wrapper\">\n\t\t\t\t\t\t\t\t\t<span class=\"elementor-button-text\">Aislamiento<\/span>\n\t\t\t\t\t<\/span>\n\t\t\t\t\t<\/a>\n\t\t\t\t<\/div>\n\t\t\t\t\t\t\t\t<\/div>\n\t\t\t\t<\/div>\n\t\t\t\t<div class=\"elementor-element elementor-element-c16f9ab elementor-align-justify animated-slow elementor-invisible elementor-widget elementor-widget-button\" data-id=\"c16f9ab\" data-element_type=\"widget\" data-e-type=\"widget\" data-settings=\"{&quot;_animation&quot;:&quot;fadeInRight&quot;,&quot;_animation_delay&quot;:200}\" data-widget_type=\"button.default\">\n\t\t\t\t<div class=\"elementor-widget-container\">\n\t\t\t\t\t\t\t\t\t<div class=\"elementor-button-wrapper\">\n\t\t\t\t\t<a class=\"elementor-button elementor-size-sm\" role=\"button\">\n\t\t\t\t\t\t<span class=\"elementor-button-content-wrapper\">\n\t\t\t\t\t\t\t\t\t<span class=\"elementor-button-text\">Reforma de interiores<\/span>\n\t\t\t\t\t<\/span>\n\t\t\t\t\t<\/a>\n\t\t\t\t<\/div>\n\t\t\t\t\t\t\t\t<\/div>\n\t\t\t\t<\/div>\n\t\t\t\t<\/div>\n\t\t\t\t\t<\/div>\n\t\t\t\t<\/div>\n\t\t<div class=\"elementor-element elementor-element-a145d5a e-flex e-con-boxed e-con e-parent\" data-id=\"a145d5a\" data-element_type=\"container\" data-e-type=\"container\" data-settings=\"{&quot;background_background&quot;:&quot;classic&quot;}\">\n\t\t\t\t\t<div class=\"e-con-inner\">\n\t\t\t\t<div class=\"elementor-element elementor-element-632f794 animated-slow elementor-invisible elementor-widget elementor-widget-heading\" data-id=\"632f794\" data-element_type=\"widget\" data-e-type=\"widget\" data-settings=\"{&quot;_animation&quot;:&quot;fadeInRight&quot;}\" data-widget_type=\"heading.default\">\n\t\t\t\t<div class=\"elementor-widget-container\">\n\t\t\t\t\t<h2 class=\"elementor-heading-title elementor-size-default\">\u00bfListo para mejorar <\/h2>\t\t\t\t<\/div>\n\t\t\t\t<\/div>\n\t\t\t\t<div class=\"elementor-element elementor-element-4a7343a animated-slow elementor-invisible elementor-widget elementor-widget-heading\" data-id=\"4a7343a\" data-element_type=\"widget\" data-e-type=\"widget\" data-settings=\"{&quot;_animation&quot;:&quot;fadeInRight&quot;,&quot;_animation_delay&quot;:300}\" data-widget_type=\"heading.default\">\n\t\t\t\t<div class=\"elementor-widget-container\">\n\t\t\t\t\t<h2 class=\"elementor-heading-title elementor-size-default\"> tu confort y dise\u00f1o?<\/h2>\t\t\t\t<\/div>\n\t\t\t\t<\/div>\n\t\t\t\t<div class=\"elementor-element elementor-element-a581f8a elementor-align-center animated-slow elementor-invisible elementor-widget elementor-widget-button\" data-id=\"a581f8a\" data-element_type=\"widget\" data-e-type=\"widget\" data-settings=\"{&quot;_animation&quot;:&quot;fadeInRight&quot;,&quot;_animation_delay&quot;:400}\" data-widget_type=\"button.default\">\n\t\t\t\t<div class=\"elementor-widget-container\">\n\t\t\t\t\t\t\t\t\t<div class=\"elementor-button-wrapper\">\n\t\t\t\t\t<a class=\"elementor-button elementor-button-link elementor-size-sm elementor-animation-pop\" href=\"\/contacto\">\n\t\t\t\t\t\t<span class=\"elementor-button-content-wrapper\">\n\t\t\t\t\t\t\t\t\t<span class=\"elementor-button-text\">Escr\u00edbenos aqu\u00ed<\/span>\n\t\t\t\t\t<\/span>\n\t\t\t\t\t<\/a>\n\t\t\t\t<\/div>\n\t\t\t\t\t\t\t\t<\/div>\n\t\t\t\t<\/div>\n\t\t\t\t\t<\/div>\n\t\t\t\t<\/div>\n\t\t\t\t<\/div>\n\t\t","protected":false},"excerpt":{"rendered":"<p>DECORACIONES VELASCO Especialistas en pladur, escayola, aislamientos t\u00e9rmicos y ac\u00fasticos, y reformas interiores para viviendas y locales Sobre Nosotros somos expertos en trabajos de pladur y escayola, especializados en aislamientos t\u00e9rmicos y ac\u00fasticos para viviendas y locales comerciales. Utilizamos materiales de \u00faltima generaci\u00f3n para mejorar el confort y la eficiencia energ\u00e9tica de tus espacios, ofreciendo [&hellip;]<\/p>\n","protected":false},"author":1,"featured_media":0,"parent":0,"menu_order":0,"comment_status":"closed","ping_status":"closed","template":"elementor_canvas","meta":{"footnotes":""},"class_list":["post-2","page","type-page","status-publish","hentry"],"yoast_head":"<!-- This site is optimized with the Yoast SEO plugin v27.4 - https:\/\/yoast.com\/product\/yoast-seo-wordpress\/ -->\n<title>Inicio - DECORACIONES VELASCO<\/title>\n<meta name=\"robots\" content=\"index, follow, max-snippet:-1, max-image-preview:large, max-video-preview:-1\" \/>\n<link rel=\"canonical\" href=\"https:\/\/decoracionesvelasco.com\/eu\/\" \/>\n<meta property=\"og:locale\" content=\"en_US\" \/>\n<meta property=\"og:type\" content=\"article\" \/>\n<meta property=\"og:title\" content=\"Inicio - DECORACIONES VELASCO\" \/>\n<meta property=\"og:description\" content=\"DECORACIONES VELASCO Especialistas en pladur, escayola, aislamientos t\u00e9rmicos y ac\u00fasticos, y reformas interiores para viviendas y locales Sobre Nosotros somos expertos en trabajos de pladur y escayola, especializados en aislamientos t\u00e9rmicos y ac\u00fasticos para viviendas y locales comerciales. Utilizamos materiales de \u00faltima generaci\u00f3n para mejorar el confort y la eficiencia energ\u00e9tica de tus espacios, ofreciendo [&hellip;]\" \/>\n<meta property=\"og:url\" content=\"https:\/\/decoracionesvelasco.com\/eu\/\" \/>\n<meta property=\"og:site_name\" content=\"DECORACIONES VELASCO\" \/>\n<meta property=\"article:modified_time\" content=\"2025-07-03T14:02:35+00:00\" \/>\n<meta name=\"twitter:card\" content=\"summary_large_image\" \/>\n<meta name=\"twitter:label1\" content=\"Est. reading time\" \/>\n\t<meta name=\"twitter:data1\" content=\"1 minutua\" \/>\n<script type=\"application\/ld+json\" class=\"yoast-schema-graph\">{\"@context\":\"https:\\\/\\\/schema.org\",\"@graph\":[{\"@type\":\"WebPage\",\"@id\":\"https:\\\/\\\/decoracionesvelasco.com\\\/\",\"url\":\"https:\\\/\\\/decoracionesvelasco.com\\\/\",\"name\":\"Inicio - DECORACIONES VELASCO\",\"isPartOf\":{\"@id\":\"https:\\\/\\\/decoracionesvelasco.com\\\/#website\"},\"datePublished\":\"2025-06-26T16:05:19+00:00\",\"dateModified\":\"2025-07-03T14:02:35+00:00\",\"breadcrumb\":{\"@id\":\"https:\\\/\\\/decoracionesvelasco.com\\\/#breadcrumb\"},\"inLanguage\":\"eu\",\"potentialAction\":[{\"@type\":\"ReadAction\",\"target\":[\"https:\\\/\\\/decoracionesvelasco.com\\\/\"]}]},{\"@type\":\"BreadcrumbList\",\"@id\":\"https:\\\/\\\/decoracionesvelasco.com\\\/#breadcrumb\",\"itemListElement\":[{\"@type\":\"ListItem\",\"position\":1,\"name\":\"Portada\",\"item\":\"https:\\\/\\\/decoracionesvelasco.com\\\/\"},{\"@type\":\"ListItem\",\"position\":2,\"name\":\"Inicio\"}]},{\"@type\":\"WebSite\",\"@id\":\"https:\\\/\\\/decoracionesvelasco.com\\\/#website\",\"url\":\"https:\\\/\\\/decoracionesvelasco.com\\\/\",\"name\":\"DECORACIONES VELASCO\",\"description\":\"\",\"publisher\":{\"@id\":\"https:\\\/\\\/decoracionesvelasco.com\\\/#organization\"},\"potentialAction\":[{\"@type\":\"SearchAction\",\"target\":{\"@type\":\"EntryPoint\",\"urlTemplate\":\"https:\\\/\\\/decoracionesvelasco.com\\\/?s={search_term_string}\"},\"query-input\":{\"@type\":\"PropertyValueSpecification\",\"valueRequired\":true,\"valueName\":\"search_term_string\"}}],\"inLanguage\":\"eu\"},{\"@type\":\"Organization\",\"@id\":\"https:\\\/\\\/decoracionesvelasco.com\\\/#organization\",\"name\":\"DECORACIONES VELASCO\",\"url\":\"https:\\\/\\\/decoracionesvelasco.com\\\/\",\"logo\":{\"@type\":\"ImageObject\",\"inLanguage\":\"eu\",\"@id\":\"https:\\\/\\\/decoracionesvelasco.com\\\/#\\\/schema\\\/logo\\\/image\\\/\",\"url\":\"https:\\\/\\\/decoracionesvelasco.com\\\/wp-content\\\/uploads\\\/2025\\\/07\\\/cropped-Diseno-sin-titulo.png\",\"contentUrl\":\"https:\\\/\\\/decoracionesvelasco.com\\\/wp-content\\\/uploads\\\/2025\\\/07\\\/cropped-Diseno-sin-titulo.png\",\"width\":500,\"height\":219,\"caption\":\"DECORACIONES VELASCO\"},\"image\":{\"@id\":\"https:\\\/\\\/decoracionesvelasco.com\\\/#\\\/schema\\\/logo\\\/image\\\/\"}}]}<\/script>\n<!-- \/ Yoast SEO plugin. -->","yoast_head_json":{"title":"Inicio - DECORACIONES VELASCO","robots":{"index":"index","follow":"follow","max-snippet":"max-snippet:-1","max-image-preview":"max-image-preview:large","max-video-preview":"max-video-preview:-1"},"canonical":"https:\/\/decoracionesvelasco.com\/eu\/","og_locale":"en_US","og_type":"article","og_title":"Inicio - DECORACIONES VELASCO","og_description":"DECORACIONES VELASCO Especialistas en pladur, escayola, aislamientos t\u00e9rmicos y ac\u00fasticos, y reformas interiores para viviendas y locales Sobre Nosotros somos expertos en trabajos de pladur y escayola, especializados en aislamientos t\u00e9rmicos y ac\u00fasticos para viviendas y locales comerciales. Utilizamos materiales de \u00faltima generaci\u00f3n para mejorar el confort y la eficiencia energ\u00e9tica de tus espacios, ofreciendo [&hellip;]","og_url":"https:\/\/decoracionesvelasco.com\/eu\/","og_site_name":"DECORACIONES VELASCO","article_modified_time":"2025-07-03T14:02:35+00:00","twitter_card":"summary_large_image","twitter_misc":{"Est. reading time":"1 minutua"},"schema":{"@context":"https:\/\/schema.org","@graph":[{"@type":"WebPage","@id":"https:\/\/decoracionesvelasco.com\/","url":"https:\/\/decoracionesvelasco.com\/","name":"Inicio - DECORACIONES VELASCO","isPartOf":{"@id":"https:\/\/decoracionesvelasco.com\/#website"},"datePublished":"2025-06-26T16:05:19+00:00","dateModified":"2025-07-03T14:02:35+00:00","breadcrumb":{"@id":"https:\/\/decoracionesvelasco.com\/#breadcrumb"},"inLanguage":"eu","potentialAction":[{"@type":"ReadAction","target":["https:\/\/decoracionesvelasco.com\/"]}]},{"@type":"BreadcrumbList","@id":"https:\/\/decoracionesvelasco.com\/#breadcrumb","itemListElement":[{"@type":"ListItem","position":1,"name":"Portada","item":"https:\/\/decoracionesvelasco.com\/"},{"@type":"ListItem","position":2,"name":"Inicio"}]},{"@type":"WebSite","@id":"https:\/\/decoracionesvelasco.com\/#website","url":"https:\/\/decoracionesvelasco.com\/","name":"VELASCO DEKORAZIOAK","description":"","publisher":{"@id":"https:\/\/decoracionesvelasco.com\/#organization"},"potentialAction":[{"@type":"SearchAction","target":{"@type":"EntryPoint","urlTemplate":"https:\/\/decoracionesvelasco.com\/?s={search_term_string}"},"query-input":{"@type":"PropertyValueSpecification","valueRequired":true,"valueName":"search_term_string"}}],"inLanguage":"eu"},{"@type":"Organization","@id":"https:\/\/decoracionesvelasco.com\/#organization","name":"VELASCO DEKORAZIOAK","url":"https:\/\/decoracionesvelasco.com\/","logo":{"@type":"ImageObject","inLanguage":"eu","@id":"https:\/\/decoracionesvelasco.com\/#\/schema\/logo\/image\/","url":"https:\/\/decoracionesvelasco.com\/wp-content\/uploads\/2025\/07\/cropped-Diseno-sin-titulo.png","contentUrl":"https:\/\/decoracionesvelasco.com\/wp-content\/uploads\/2025\/07\/cropped-Diseno-sin-titulo.png","width":500,"height":219,"caption":"DECORACIONES VELASCO"},"image":{"@id":"https:\/\/decoracionesvelasco.com\/#\/schema\/logo\/image\/"}}]}},"_links":{"self":[{"href":"https:\/\/decoracionesvelasco.com\/eu\/wp-json\/wp\/v2\/pages\/2","targetHints":{"allow":["GET"]}}],"collection":[{"href":"https:\/\/decoracionesvelasco.com\/eu\/wp-json\/wp\/v2\/pages"}],"about":[{"href":"https:\/\/decoracionesvelasco.com\/eu\/wp-json\/wp\/v2\/types\/page"}],"author":[{"embeddable":true,"href":"https:\/\/decoracionesvelasco.com\/eu\/wp-json\/wp\/v2\/users\/1"}],"replies":[{"embeddable":true,"href":"https:\/\/decoracionesvelasco.com\/eu\/wp-json\/wp\/v2\/comments?post=2"}],"version-history":[{"count":130,"href":"https:\/\/decoracionesvelasco.com\/eu\/wp-json\/wp\/v2\/pages\/2\/revisions"}],"predecessor-version":[{"id":783,"href":"https:\/\/decoracionesvelasco.com\/eu\/wp-json\/wp\/v2\/pages\/2\/revisions\/783"}],"wp:attachment":[{"href":"https:\/\/decoracionesvelasco.com\/eu\/wp-json\/wp\/v2\/media?parent=2"}],"curies":[{"name":"wp","href":"https:\/\/api.w.org\/{rel}","templated":true}]}}